{"id":1243,"date":"2017-03-16T21:26:07","date_gmt":"2017-03-16T21:26:07","guid":{"rendered":"http:\/\/ilcokemmere.nl\/?page_id=1243"},"modified":"2017-06-02T08:23:20","modified_gmt":"2017-06-02T08:23:20","slug":"langs-de-belgische-taalgrens","status":"publish","type":"page","link":"https:\/\/ilcokemmere.nl\/index.php\/series\/langs-de-belgische-taalgrens\/","title":{"rendered":"Langs de Belgische taalgrens"},"content":{"rendered":"<p><a href=\"http:\/\/ilcokemmere.nl\/index.php\/series\/taalgrens\/\"><img decoding=\"async\" loading=\"lazy\" class=\"aligncenter wp-image-1244\" src=\"http:\/\/ilcokemmere.nl\/wp-content\/uploads\/2017\/03\/1_DSC9562.jpg\" alt=\"\" width=\"760\" height=\"950\" srcset=\"https:\/\/ilcokemmere.nl\/wp-content\/uploads\/2017\/03\/1_DSC9562.jpg 1090w, https:\/\/ilcokemmere.nl\/wp-content\/uploads\/2017\/03\/1_DSC9562-150x188.jpg 150w, https:\/\/ilcokemmere.nl\/wp-content\/uploads\/2017\/03\/1_DSC9562-240x300.jpg 240w, https:\/\/ilcokemmere.nl\/wp-content\/uploads\/2017\/03\/1_DSC9562-768x960.jpg 768w, https:\/\/ilcokemmere.nl\/wp-content\/uploads\/2017\/03\/1_DSC9562-830x1038.jpg 830w, https:\/\/ilcokemmere.nl\/wp-content\/uploads\/2017\/03\/1_DSC9562-230x288.jpg 230w, https:\/\/ilcokemmere.nl\/wp-content\/uploads\/2017\/03\/1_DSC9562-350x438.jpg 350w, https:\/\/ilcokemmere.nl\/wp-content\/uploads\/2017\/03\/1_DSC9562-480x600.jpg 480w\" sizes=\"(max-width: 760px) 100vw, 760px\" \/><\/a><\/p>\n<p style=\"text-align: center;\">&#8220;Les Flamands ne m\u2019\u00e9nervent pas. Ce sont les jeunes qui ne prennent pas de responsabilit\u00e9 pour leurs difficult\u00e9s&#8221;.<\/p>\n","protected":false},"excerpt":{"rendered":"<p>&#8220;Les Flamands ne m\u2019\u00e9nervent pas. Ce sont les jeunes qui ne prennent pas de responsabilit\u00e9 pour leurs difficult\u00e9s&#8221;.<\/p>\n","protected":false},"author":1,"featured_media":0,"parent":629,"menu_order":1,"comment_status":"closed","ping_status":"closed","template":"page-templates\/page_fullwidth.php","meta":[],"_links":{"self":[{"href":"https:\/\/ilcokemmere.nl\/index.php\/wp-json\/wp\/v2\/pages\/1243"}],"collection":[{"href":"https:\/\/ilcokemmere.nl\/index.php\/wp-json\/wp\/v2\/pages"}],"about":[{"href":"https:\/\/ilcokemmere.nl\/index.php\/wp-json\/wp\/v2\/types\/page"}],"author":[{"embeddable":true,"href":"https:\/\/ilcokemmere.nl\/index.php\/wp-json\/wp\/v2\/users\/1"}],"replies":[{"embeddable":true,"href":"https:\/\/ilcokemmere.nl\/index.php\/wp-json\/wp\/v2\/comments?post=1243"}],"version-history":[{"count":5,"href":"https:\/\/ilcokemmere.nl\/index.php\/wp-json\/wp\/v2\/pages\/1243\/revisions"}],"predecessor-version":[{"id":1577,"href":"https:\/\/ilcokemmere.nl\/index.php\/wp-json\/wp\/v2\/pages\/1243\/revisions\/1577"}],"up":[{"embeddable":true,"href":"https:\/\/ilcokemmere.nl\/index.php\/wp-json\/wp\/v2\/pages\/629"}],"wp:attachment":[{"href":"https:\/\/ilcokemmere.nl\/index.php\/wp-json\/wp\/v2\/media?parent=1243"}],"curies":[{"name":"wp","href":"https:\/\/api.w.org\/{rel}","templated":true}]}}